{"id":43,"date":"2023-08-30T19:04:41","date_gmt":"2023-08-30T17:04:41","guid":{"rendered":"https:\/\/lecourtil.ovh\/?page_id=43"},"modified":"2023-09-28T14:24:31","modified_gmt":"2023-09-28T12:24:31","slug":"salle-de-bains","status":"publish","type":"page","link":"https:\/\/lecourtil.ovh\/index.php\/salle-de-bains\/","title":{"rendered":"SALLE DE BAINS"},"content":{"rendered":"\n<p>La salle de bains fait 12 m\u00b2 et est \u00e9quip\u00e9e d&rsquo;une double vasque, d&rsquo;une douche et d&rsquo;une baignoire Jacuzzi (id\u00e9al apr\u00e8s une journ\u00e9e de ski, de v\u00e9lo ou de randonn\u00e9e).<\/p>\n\n\n\n<div class=\"wp-block-columns is-layout-flex wp-container-core-columns-is-layout-28f84493 wp-block-columns-is-layout-flex\">\n<div class=\"wp-block-column is-layout-flow wp-block-column-is-layout-flow\">\n<figure class=\"wp-block-image size-large is-resized\"><img loading=\"lazy\" decoding=\"async\" src=\"https:\/\/lecourtil.ovh\/wp-content\/uploads\/2023\/08\/3dda39a1e3736fce74d4892cb8085315-1024x768.jpg\" alt=\"\" class=\"wp-image-44\" style=\"width:313px;height:235px\" width=\"313\" height=\"235\" srcset=\"https:\/\/lecourtil.ovh\/wp-content\/uploads\/2023\/08\/3dda39a1e3736fce74d4892cb8085315-1024x768.jpg 1024w, https:\/\/lecourtil.ovh\/wp-content\/uploads\/2023\/08\/3dda39a1e3736fce74d4892cb8085315-300x225.jpg 300w, https:\/\/lecourtil.ovh\/wp-content\/uploads\/2023\/08\/3dda39a1e3736fce74d4892cb8085315-768x576.jpg 768w, https:\/\/lecourtil.ovh\/wp-content\/uploads\/2023\/08\/3dda39a1e3736fce74d4892cb8085315-1536x1152.jpg 1536w, https:\/\/lecourtil.ovh\/wp-content\/uploads\/2023\/08\/3dda39a1e3736fce74d4892cb8085315.jpg 1900w\" sizes=\"auto, (max-width: 313px) 100vw, 313px\" \/><\/figure>\n<\/div>\n\n\n\n<div class=\"wp-block-column is-layout-flow wp-block-column-is-layout-flow\">\n<figure class=\"wp-block-image size-large\"><img loading=\"lazy\" decoding=\"async\" width=\"1024\" height=\"768\" src=\"https:\/\/lecourtil.ovh\/wp-content\/uploads\/2023\/08\/2a4fe82099379345b47db46d00ea32b0-1024x768.jpg\" alt=\"\" class=\"wp-image-45\" srcset=\"https:\/\/lecourtil.ovh\/wp-content\/uploads\/2023\/08\/2a4fe82099379345b47db46d00ea32b0-1024x768.jpg 1024w, https:\/\/lecourtil.ovh\/wp-content\/uploads\/2023\/08\/2a4fe82099379345b47db46d00ea32b0-300x225.jpg 300w, https:\/\/lecourtil.ovh\/wp-content\/uploads\/2023\/08\/2a4fe82099379345b47db46d00ea32b0-768x576.jpg 768w, https:\/\/lecourtil.ovh\/wp-content\/uploads\/2023\/08\/2a4fe82099379345b47db46d00ea32b0-1536x1152.jpg 1536w, https:\/\/lecourtil.ovh\/wp-content\/uploads\/2023\/08\/2a4fe82099379345b47db46d00ea32b0.jpg 1900w\" sizes=\"auto, (max-width: 1024px) 100vw, 1024px\" \/><\/figure>\n<\/div>\n<\/div>\n\n\n\n<p>A votre disposition : serviettes, savon, shampoing, s\u00e8che-cheveux<\/p>\n\n\n\n<p>La salle de bains et les WC ind\u00e9pendants sont sur le pallier des chambres et communs \u00e0 toutes les chambres<\/p>\n","protected":false},"excerpt":{"rendered":"<p>La salle de bains fait 12 m\u00b2 et est \u00e9quip\u00e9e d&rsquo;une double vasque, d&rsquo;une douche et d&rsquo;une baignoire Jacuzzi (id\u00e9al apr\u00e8s une journ\u00e9e de ski, de v\u00e9lo ou de randonn\u00e9e). A votre disposition : serviettes, savon, shampoing, s\u00e8che-cheveux La salle de bains et les WC ind\u00e9pendants sont sur le pallier des chambres et communs \u00e0 [&hellip;]<\/p>\n","protected":false},"author":1,"featured_media":0,"parent":0,"menu_order":0,"comment_status":"closed","ping_status":"closed","template":"","meta":{"footnotes":""},"class_list":["post-43","page","type-page","status-publish","hentry"],"_links":{"self":[{"href":"https:\/\/lecourtil.ovh\/index.php\/wp-json\/wp\/v2\/pages\/43","targetHints":{"allow":["GET"]}}],"collection":[{"href":"https:\/\/lecourtil.ovh\/index.php\/wp-json\/wp\/v2\/pages"}],"about":[{"href":"https:\/\/lecourtil.ovh\/index.php\/wp-json\/wp\/v2\/types\/page"}],"author":[{"embeddable":true,"href":"https:\/\/lecourtil.ovh\/index.php\/wp-json\/wp\/v2\/users\/1"}],"replies":[{"embeddable":true,"href":"https:\/\/lecourtil.ovh\/index.php\/wp-json\/wp\/v2\/comments?post=43"}],"version-history":[{"count":6,"href":"https:\/\/lecourtil.ovh\/index.php\/wp-json\/wp\/v2\/pages\/43\/revisions"}],"predecessor-version":[{"id":282,"href":"https:\/\/lecourtil.ovh\/index.php\/wp-json\/wp\/v2\/pages\/43\/revisions\/282"}],"wp:attachment":[{"href":"https:\/\/lecourtil.ovh\/index.php\/wp-json\/wp\/v2\/media?parent=43"}],"curies":[{"name":"wp","href":"https:\/\/api.w.org\/{rel}","templated":true}]}}